{"id":815,"date":"2015-04-24T10:23:11","date_gmt":"2015-04-24T08:23:11","guid":{"rendered":"http:\/\/www.rictenis.es\/wordpress\/?page_id=815"},"modified":"2017-01-02T23:35:18","modified_gmt":"2017-01-02T22:35:18","slug":"815-2","status":"publish","type":"page","link":"https:\/\/www.alantenis.es\/?page_id=815","title":{"rendered":"Israel N\u00e1jera Aliende"},"content":{"rendered":"<div id=\"attachment_696\" style=\"width: 310px\" class=\"wp-caption aligncenter\"><img loading=\"lazy\" decoding=\"async\" aria-describedby=\"caption-attachment-696\" class=\"wp-image-696 size-full\" src=\"http:\/\/www.alantenis.es\/wp-content\/uploads\/2015\/02\/Israel1.jpg\" alt=\"Israel\" width=\"300\" height=\"287\" \/><p id=\"caption-attachment-696\" class=\"wp-caption-text\">Israel N\u00e1jera Aliende<\/p><\/div>\n<p><strong>Datos Personales:<\/strong><\/p>\n<ul>\n<li>Israel N\u00e1jera Aliende<\/li>\n<li>Fecha de nacimiento 24\/3\/1978<\/li>\n<\/ul>\n<p><strong>Datos profesionales:<\/strong><\/p>\n<ul>\n<li><strong>Titulaci\u00f3n<\/strong>:\n<ul>\n<li>Monitor Nacional de Tenis RFET<\/li>\n<\/ul>\n<\/li>\n<li><strong>Experiencia profesional docente:<\/strong>\n<ul>\n<li>14 a\u00f1os<\/li>\n<\/ul>\n<\/li>\n<li><strong>Otros estudios \/ titulaciones:<\/strong>\n<ul>\n<li>Licenciado en Filosof\u00eda<\/li>\n<\/ul>\n<\/li>\n<\/ul>\n<p><strong><span style=\"text-decoration: underline;\">Erase una vez un hombre a una raqueta pegado <\/span><\/strong><\/p>\n<p>\u00a1Hola a todos! Soy Israel N\u00e1jera y actualmente trabajo en una de las mejores escuelas de tenis de Espa\u00f1a y por lo tanto del mundo.<\/p>\n<p>Empec\u00e9 a jugar al tenis con diez a\u00f1os en la escuela municipal de Logro\u00f1o, rompiendo as\u00ed la tradici\u00f3n familiar de jugar a pelota a mano, un deporte tradicional de la zona de donde proviene toda mi familia: Tricio y N\u00e1jera. De este modo, me convert\u00ed r\u00e1pidamente en el flojo que jugaba al tenis, un deporte un poco elitista y en el que no te destrozabas las manos. Pero una cosa es lo que uno hace y otra diferente es c\u00f3mo lo hace, r\u00e1pidamente me di cuenta de que me gustaba esforzarme hasta que no pod\u00eda m\u00e1s, eso era lo que me hac\u00eda sentir bien. Me encantaba batirme el cobre en la pista, dejar ah\u00ed toda mi energ\u00eda y exprimir hasta la \u00faltima gota de sudor. Y ese estilo me dio buenos resultados y me permiti\u00f3 sufrir y disfrutar a partes iguales un deporte que sin darme cuenta hab\u00eda impregnado toda mi vida.<\/p>\n<p><a href=\"http:\/\/www.alantenis.es\/wp-content\/uploads\/2015\/04\/foto-tenis-mia-blanco-y-nego.jpeg\"><img loading=\"lazy\" decoding=\"async\" class=\"  wp-image-816 alignleft\" src=\"http:\/\/www.alantenis.es\/wp-content\/uploads\/2015\/04\/foto-tenis-mia-blanco-y-nego.jpeg\" alt=\"foto tenis  mia blanco y nego\" width=\"307\" height=\"460\" \/><\/a>Lo cierto es que no fui un Rafa Nadal, aunque era capaz de competir bastante bien y ganar m\u00e1s partidos de los que me hubiera correspondido en funci\u00f3n de mi t\u00e9cnica y mi talento natural. Yo iba a jugar al tenis con mi padre, con una de mis hermanas y con mi vecino y amigo del alma, entren\u00e1bamos muchas horas juntos, mi padre me tiraba bolas y tambi\u00e9n se pon\u00edan dos en un lado de la pista, mientras yo estaba en el otro siguiendo todas, incluso las que se iban por mucho. Nos enfad\u00e1bamos, nos re\u00edamos, intent\u00e1bamos mejorar nuestra t\u00e9cnica imitando a los tenistas de la tele, jug\u00e1bamos muchos torneos, habl\u00e1bamos de tenis a todas horas, nos relacion\u00e1bamos con gente del tenis e incluso mi madre y mi otra hermana sufrieron lo que pas\u00f3 a convertirse en una peque\u00f1a obsesi\u00f3n.<\/p>\n<p>Tambi\u00e9n recib\u00ed clases en grupos y m\u00e1s tarde, cuando todos lo hab\u00edan dejado, alguna clase particular. Lo cierto es que cuando empec\u00e9 y hasta que tuve diecis\u00e9is a\u00f1os en Logro\u00f1o hubo un buen nivel de tenis, junto a m\u00ed entrenaba el campe\u00f3n de Espa\u00f1a y subcampe\u00f3n de Europa, con lo que proclamarse campe\u00f3n de La Rioja no estaba f\u00e1cil. Tambi\u00e9n hubo bastante nivel por los alrededores, Pa\u00eds Vasco, Navarra y Arag\u00f3n. Esa circunstancia me permiti\u00f3 mejorar r\u00e1pidamente, consegu\u00ed estar entre los cien mejores de Espa\u00f1a con diecisiete a\u00f1os, ganar el ansiado Campeonato de La Rioja absoluto, as\u00ed como muchos otros torneos.<\/p>\n<p>Pero por esas fechas casi ninguno de mis compa\u00f1eros segu\u00eda jugando al tenis, incluso mi hermana tambi\u00e9n lo dej\u00f3 pronto, lo que me hizo tener que entrenar bastante solo y no ser capaz de mejorar mi nivel. Siempre digo que a los diecisiete a\u00f1os me estanqu\u00e9, aunque curiosamente es cuando me aventur\u00e9 a jugar alg\u00fan circuito sat\u00e9lite, en los que no obtuve grades resultados. Segu\u00ed jugando hasta los veintid\u00f3s a\u00f1os, mejor\u00e9 algo, coincid\u00ed con una gran generaci\u00f3n: Ferrero, Mart\u00edn, Feliciano, Verdasco, Robredo, etc. Aunque digamos que les vi pasar a mi lado como cuando voy conduciendo tranquilamente por la autopista con mi cochecito y me adelanta un Ferrari. En esa \u00e9poca hab\u00eda muchos Ferraris por el circuito espa\u00f1ol.<\/p>\n<p>Yo me dediqu\u00e9 m\u00e1s a los nacionales, ya que muchas veces me pagaban el alojamiento y adem\u00e1s pod\u00eda sacar un poco de dinero extra que me permit\u00eda seguir viajando. Durante varios a\u00f1os compart\u00ed aventuras con Jos\u00e9 Luis Mat\u00e9. Hubo momentos en los que disfrut\u00e9 bastante y otros en los que estaba hasta el gorro. A los veintid\u00f3s a\u00f1os comenc\u00e9 a trabajar como profesor de tenis en Logro\u00f1o y desde los veintitr\u00e9s hasta los treinta y uno lo hice en Salamanca, al mismo tiempo que estudi\u00e9 filosof\u00eda. Empec\u00e9 dando clases en urbanizaciones y trabajando para alguno de los profesores que de un modo completamente desorganizado y an\u00e1rquico ense\u00f1aban a jugar a este deporte. Pero pronto inici\u00e9 una escuela en un pueblito de los alrededores y en plena burbuja inmobiliaria me llamaron para que me encargara de la escuela de Carbajosa de la Sagrada, un municipio cercano a Salamanca que en diez a\u00f1os hab\u00eda pasado de tener quinientos habitantes a diez mil. Llam\u00e9 a Juanjo, el amigo con el que tantas horas hab\u00eda pasado hasta hac\u00eda cinco a\u00f1os. \u00c9l ya no estaba en este mundillo, pero r\u00e1pidamente cambi\u00f3 el chip, nos hicimos con tres escuelas municipales, ten\u00edamos trescientos alumnos, contratamos a varios monitores y al final alquilamos una instalaci\u00f3n propia, constituimos nuestra empresa y el Club Deportivo Grand Slam.<\/p>\n<p>Eso dur\u00f3 hasta 2009, a\u00f1o en el que a m\u00ed me apetec\u00eda cambiar de aires, nuestro club funcionaba de un modo digno, pero sin grandes alardes. Hab\u00edamos decidido permanecer en nuestra instalaci\u00f3n y dejamos el resto de escuelas, no nos gustaba estar en muchos sitios a la vez. Pero lo cierto es que Salamanca es una ciudad dif\u00edcil para montar un negocio. Yo llevaba con la mujer de mi vida desde el segundo mes en el que llegu\u00e9 a Salamanca, pero no hab\u00edamos vivido juntos ni un solo a\u00f1o hasta la fecha. Ella llevaba varios a\u00f1os viviendo y trabajando en Madrid y yo decid\u00ed que era un buen momento para cambiar de aires y venir a la Big City. Algo que tampoco me emocionaba al principio, ya que siempre he pensado que la vida es m\u00e1s f\u00e1cil en una ciudad peque\u00f1a.<\/p>\n<p>Lo cierto es que Madrid me sorprendi\u00f3 positivamente, aqu\u00ed hemos acabado casi todos aquellos que compartimos piso y vida en Salamanca, la gente de Madrid te incluye r\u00e1pidamente en su c\u00edrculo, todo el mundo est\u00e1 deseoso de relacionarse. Desde luego, si me tengo que quedar con algo de Madrid, es con la gente. Pero siguiendo con el tenis, que es por lo que estoy en este sitio web, otro de mis grandes amigos, el compa\u00f1ero con el que viaj\u00e9 y entren\u00e9 desde los diecinueve a\u00f1os hasta los veintid\u00f3s, les habl\u00f3 bien de m\u00ed a los Mart\u00ednez y comenc\u00e9 a trabajar en la Escuela del Club de Tenis Chamart\u00edn. Aqu\u00ed he aprendido mucho de Antonio Mart\u00ednez, el hombre con la seriedad m\u00e1s entra\u00f1able que he conocido en mi vida, al que curiosamente le acabas agradeciendo cada reprimenda. Antonio lleva en el Chamart\u00edn m\u00e1s tiempo que los \u00e1rboles, cuando habla todos nos callamos, cuando hace un chiste todos nos re\u00edmos, cuando nos echa la bronca todos refunfu\u00f1amos hacia dentro. Es un tipo que no te puede dejar indiferente, con una raqueta en la mano te muestra una vida, es honesto y sincero a partes iguales, si ve algo que no le gusta en su escuela no se puede callar, te guste o no tendr\u00e1s que escucharle. En mi vida como entrenador de tenis Antonio me ha regalado un doctorado mediante pinceladas, cada d\u00eda una diferente. Es una persona que dignifica a quien le rodea.<\/p>\n<p>Pero en la escuela del Club de Tenis Chamart\u00edn no solo est\u00e1 Antonio, hay muchos otros profesores, muy buenos profesores, cada uno con su estilo, con su historia y con su vida. La escuela es un mural vivo, que va cambiando a\u00f1o tras a\u00f1o, todo el que pasa por ah\u00ed deja una peque\u00f1a parte de s\u00ed, Antonio pone las notas comunes y Alberto lo va redecorando d\u00eda tras d\u00eda, Alberto es el movimiento, el cambio, el frenes\u00ed y Antonio la imperturbabilidad, la calma y la iron\u00eda. Me gusta la gente que trabaja en la escuela, me caen muy bien, aprendo de todos y yo seguro que tambi\u00e9n les aporto alguna cosilla. Yo soy como un gato, siempre voy a mi ritmo, aunque nunca me voy muy lejos, soy como los gatos en la mitolog\u00eda egipcia, estoy aqu\u00ed y en el m\u00e1s all\u00e1, pienso en tenis y pienso en la vida, en el mundo, en el cari\u00f1o, en los detalles, en el silencio que hay entre las palabras. Eso es lo m\u00e1s dif\u00edcil de describir, pero cada d\u00eda que pasa me siento tan c\u00f3modo entre las palabras de mis compa\u00f1eros como entre el silencio. No s\u00e9 si todos son conscientes de ello, pero un poquito de cada uno de nosotros quedar\u00e1 en los dem\u00e1s, en los alumnos y en los profes, como bien sabe Keko <strong><em>\u201cAliquid mei semper maneuit\u201d.<\/em><\/strong><\/p>\n","protected":false},"excerpt":{"rendered":"<p>Datos Personales: Israel N\u00e1jera Aliende Fecha de nacimiento 24\/3\/1978 Datos profesionales: Titulaci\u00f3n: Monitor Nacional de Tenis RFET Experiencia profesional docente: 14 a\u00f1os Otros estudios \/ titulaciones: Licenciado en Filosof\u00eda Erase una vez un hombre a una raqueta pegado \u00a1Hola a todos! Soy Israel N\u00e1jera y actualmente trabajo en una de las mejores escuelas de tenis<\/p>\n","protected":false},"author":1,"featured_media":0,"parent":0,"menu_order":0,"comment_status":"closed","ping_status":"open","template":"page-fullwidth.php","meta":{"footnotes":""},"class_list":["post-815","page","type-page","status-publish","hentry"],"_links":{"self":[{"href":"https:\/\/www.alantenis.es\/index.php?rest_route=\/wp\/v2\/pages\/815","targetHints":{"allow":["GET"]}}],"collection":[{"href":"https:\/\/www.alantenis.es\/index.php?rest_route=\/wp\/v2\/pages"}],"about":[{"href":"https:\/\/www.alantenis.es\/index.php?rest_route=\/wp\/v2\/types\/page"}],"author":[{"embeddable":true,"href":"https:\/\/www.alantenis.es\/index.php?rest_route=\/wp\/v2\/users\/1"}],"replies":[{"embeddable":true,"href":"https:\/\/www.alantenis.es\/index.php?rest_route=%2Fwp%2Fv2%2Fcomments&post=815"}],"version-history":[{"count":6,"href":"https:\/\/www.alantenis.es\/index.php?rest_route=\/wp\/v2\/pages\/815\/revisions"}],"predecessor-version":[{"id":3929,"href":"https:\/\/www.alantenis.es\/index.php?rest_route=\/wp\/v2\/pages\/815\/revisions\/3929"}],"wp:attachment":[{"href":"https:\/\/www.alantenis.es\/index.php?rest_route=%2Fwp%2Fv2%2Fmedia&parent=815"}],"curies":[{"name":"wp","href":"https:\/\/api.w.org\/{rel}","templated":true}]}}